{"id":14268,"date":"2025-08-20T13:18:52","date_gmt":"2025-08-20T13:18:52","guid":{"rendered":"https:\/\/patterncanada.wpenginepowered.com\/privacy-policy\/"},"modified":"2025-09-05T15:30:04","modified_gmt":"2025-09-05T15:30:04","slug":"privacy-policy","status":"publish","type":"page","link":"https:\/\/patterncanada.ca\/fr\/privacy-policy\/","title":{"rendered":"Politique de confidentialit\u00e9"},"content":{"rendered":"\n<section class=\"textual-content type-default\" >\n\t\n\t<div class=\"holder block-entry animated\">\n\t\t\n\t\t\t\t\t\t\n\t\t<div class=\"acf-innerblocks-container\">\n\n<h1 class=\"wp-block-heading\">Politique de confidentialit\u00e9<\/h1>\n\n\n\n<p>Pattern Energy s&rsquo;engage \u00e0 fournir et reconna\u00eet le besoin de protection des donn\u00e9es et de la vie priv\u00e9e sur Internet. En g\u00e9n\u00e9ral, vous pouvez visiter notre site web sans nous dire qui vous \u00eates ni r\u00e9v\u00e9ler aucune information vous concernant. Nous ne recueillons pas d&rsquo;informations permettant d&rsquo;identifier personnellement les visiteurs qui se contentent de naviguer sur notre site web.  <\/p>\n\n\n\n<p>Notre fournisseur de services Internet recueille des informations sur la date et l&rsquo;heure d&rsquo;acc\u00e8s \u00e0 notre site web et, si vous avez acc\u00e9d\u00e9 \u00e0 notre site web \u00e0 partir d&rsquo;un autre site web, il enregistre l&rsquo;adresse Internet du site web \u00e0 partir duquel vous avez acc\u00e9d\u00e9 \u00e0 notre site. Ces informations sont collect\u00e9es pour mesurer le nombre de visiteurs de notre site et les adresses des sites web d&rsquo;o\u00f9 viennent nos visiteurs. Le fournisseur de services internet n&rsquo;enregistre pas l&rsquo;adresse \u00e9lectronique ni d&rsquo;autres informations permettant d&rsquo;identifier personnellement les personnes qui consultent notre site web.  <\/p>\n\n\n\n<p>Si vous nous fournissez volontairement des informations personnellement identifiables, par exemple en soumettant un curriculum vitae, nous gardons ces informations confidentielles. Nous ne divulguerons vos informations d&rsquo;identification personnelle que si vous avez donn\u00e9 votre consentement explicite. <\/p>\n\n\n\n<p>Pattern Energy se r\u00e9serve le droit de modifier cette politique de confidentialit\u00e9 \u00e0 tout moment. Veuillez consulter cette page web pour obtenir la version la plus r\u00e9cente de notre politique de confidentialit\u00e9. Si vous avez des questions concernant notre politique de confidentialit\u00e9, veuillez contacter privacy@pattern-multisite.local.  <\/p>\n\n\n\n<h5 class=\"wp-block-heading\">En vigueur \u00e0 partir du 26 septembre 2017<\/h5>\n\n<\/div>\t\t\n\t<\/div>\n<\/section><!-- Textual Content -->","protected":false},"excerpt":{"rendered":"","protected":false},"author":39,"featured_media":14152,"parent":0,"menu_order":210,"comment_status":"closed","ping_status":"closed","template":"","meta":{"_acf_changed":false,"footnotes":""},"class_list":["post-14268","page","type-page","status-publish","has-post-thumbnail","hentry"],"acf":[],"yoast_head":"<!-- This site is optimized with the Yoast SEO plugin v27.3 - https:\/\/yoast.com\/product\/yoast-seo-wordpress\/ -->\n<title>Politique de confidentialit\u00e9 - Pattern Energy - Canada<\/title>\n<meta name=\"description\" content=\"Pattern Energy s&#039;engage \u00e0 fournir et reconna\u00eet le besoin de protection des donn\u00e9es et de la vie priv\u00e9e sur Internet.\" \/>\n<meta name=\"robots\" content=\"index, follow, max-snippet:-1, max-image-preview:large, max-video-preview:-1\" \/>\n<link rel=\"canonical\" href=\"https:\/\/patterncanada.ca\/fr\/privacy-policy\/\" \/>\n<meta property=\"og:locale\" content=\"fr_FR\" \/>\n<meta property=\"og:type\" content=\"article\" \/>\n<meta property=\"og:title\" content=\"Politique de confidentialit\u00e9\" \/>\n<meta property=\"og:description\" content=\"Pattern Energy s&#039;engage \u00e0 fournir et reconna\u00eet le besoin de protection des donn\u00e9es et de la vie priv\u00e9e sur Internet.\" \/>\n<meta property=\"og:url\" content=\"https:\/\/patterncanada.ca\/fr\/privacy-policy\/\" \/>\n<meta property=\"og:site_name\" content=\"Pattern Energy - Canada\" \/>\n<meta property=\"article:publisher\" content=\"https:\/\/www.facebook.com\/PatternCanada\" \/>\n<meta property=\"article:modified_time\" content=\"2025-09-05T15:30:04+00:00\" \/>\n<meta property=\"og:image\" content=\"https:\/\/patterncanada.ca\/wp-content\/uploads\/2025\/08\/Frame-2.jpg\" \/>\n\t<meta property=\"og:image:width\" content=\"1200\" \/>\n\t<meta property=\"og:image:height\" content=\"628\" \/>\n\t<meta property=\"og:image:type\" content=\"image\/jpeg\" \/>\n<meta name=\"twitter:card\" content=\"summary_large_image\" \/>\n<meta name=\"twitter:title\" content=\"Politique de confidentialit\u00e9\" \/>\n<meta name=\"twitter:description\" content=\"Pattern Energy s&#039;engage \u00e0 fournir et reconna\u00eet le besoin de protection des donn\u00e9es et de la vie priv\u00e9e sur Internet.\" \/>\n<meta name=\"twitter:image\" content=\"https:\/\/patterncanada.ca\/wp-content\/uploads\/2025\/08\/Frame-2.jpg\" \/>\n<meta name=\"twitter:label1\" content=\"Est. reading time\" \/>\n\t<meta name=\"twitter:data1\" content=\"2 minutes\" \/>\n<script type=\"application\/ld+json\" class=\"yoast-schema-graph\">{\"@context\":\"https:\\\/\\\/schema.org\",\"@graph\":[{\"@type\":\"WebPage\",\"@id\":\"https:\\\/\\\/patterncanada.ca\\\/fr\\\/privacy-policy\\\/\",\"url\":\"https:\\\/\\\/patterncanada.ca\\\/fr\\\/privacy-policy\\\/\",\"name\":\"Politique de confidentialit\u00e9 - Pattern Energy - Canada\",\"isPartOf\":{\"@id\":\"https:\\\/\\\/patterncanada.ca\\\/fr\\\/#website\"},\"primaryImageOfPage\":{\"@id\":\"https:\\\/\\\/patterncanada.ca\\\/fr\\\/privacy-policy\\\/#primaryimage\"},\"image\":{\"@id\":\"https:\\\/\\\/patterncanada.ca\\\/fr\\\/privacy-policy\\\/#primaryimage\"},\"thumbnailUrl\":\"https:\\\/\\\/patterncanada.ca\\\/wp-content\\\/uploads\\\/2025\\\/08\\\/Frame-2.jpg\",\"datePublished\":\"2025-08-20T13:18:52+00:00\",\"dateModified\":\"2025-09-05T15:30:04+00:00\",\"description\":\"Pattern Energy s'engage \u00e0 fournir et reconna\u00eet le besoin de protection des donn\u00e9es et de la vie priv\u00e9e sur Internet.\",\"breadcrumb\":{\"@id\":\"https:\\\/\\\/patterncanada.ca\\\/fr\\\/privacy-policy\\\/#breadcrumb\"},\"inLanguage\":\"fr-FR\",\"potentialAction\":[{\"@type\":\"ReadAction\",\"target\":[\"https:\\\/\\\/patterncanada.ca\\\/fr\\\/privacy-policy\\\/\"]}]},{\"@type\":\"ImageObject\",\"inLanguage\":\"fr-FR\",\"@id\":\"https:\\\/\\\/patterncanada.ca\\\/fr\\\/privacy-policy\\\/#primaryimage\",\"url\":\"https:\\\/\\\/patterncanada.ca\\\/wp-content\\\/uploads\\\/2025\\\/08\\\/Frame-2.jpg\",\"contentUrl\":\"https:\\\/\\\/patterncanada.ca\\\/wp-content\\\/uploads\\\/2025\\\/08\\\/Frame-2.jpg\",\"width\":1200,\"height\":628,\"caption\":\"Pattern Canada logo\"},{\"@type\":\"BreadcrumbList\",\"@id\":\"https:\\\/\\\/patterncanada.ca\\\/fr\\\/privacy-policy\\\/#breadcrumb\",\"itemListElement\":[{\"@type\":\"ListItem\",\"position\":1,\"name\":\"Home\",\"item\":\"https:\\\/\\\/patterncanada.ca\\\/fr\\\/\"},{\"@type\":\"ListItem\",\"position\":2,\"name\":\"Politique de confidentialit\u00e9\"}]},{\"@type\":\"WebSite\",\"@id\":\"https:\\\/\\\/patterncanada.ca\\\/fr\\\/#website\",\"url\":\"https:\\\/\\\/patterncanada.ca\\\/fr\\\/\",\"name\":\"Pattern Energy - Canada\",\"description\":\"Canadian Commitment. Global Company.\",\"publisher\":{\"@id\":\"https:\\\/\\\/patterncanada.ca\\\/fr\\\/#organization\"},\"potentialAction\":[{\"@type\":\"SearchAction\",\"target\":{\"@type\":\"EntryPoint\",\"urlTemplate\":\"https:\\\/\\\/patterncanada.ca\\\/fr\\\/?s={search_term_string}\"},\"query-input\":{\"@type\":\"PropertyValueSpecification\",\"valueRequired\":true,\"valueName\":\"search_term_string\"}}],\"inLanguage\":\"fr-FR\"},{\"@type\":\"Organization\",\"@id\":\"https:\\\/\\\/patterncanada.ca\\\/fr\\\/#organization\",\"name\":\"Pattern Energy - Canada\",\"url\":\"https:\\\/\\\/patterncanada.ca\\\/fr\\\/\",\"logo\":{\"@type\":\"ImageObject\",\"inLanguage\":\"fr-FR\",\"@id\":\"https:\\\/\\\/patterncanada.ca\\\/fr\\\/#\\\/schema\\\/logo\\\/image\\\/\",\"url\":\"https:\\\/\\\/patterncanada.ca\\\/wp-content\\\/uploads\\\/2025\\\/09\\\/share-ca.jpg\",\"contentUrl\":\"https:\\\/\\\/patterncanada.ca\\\/wp-content\\\/uploads\\\/2025\\\/09\\\/share-ca.jpg\",\"width\":1200,\"height\":628,\"caption\":\"Pattern Energy - Canada\"},\"image\":{\"@id\":\"https:\\\/\\\/patterncanada.ca\\\/fr\\\/#\\\/schema\\\/logo\\\/image\\\/\"},\"sameAs\":[\"https:\\\/\\\/www.facebook.com\\\/PatternCanada\",\"https:\\\/\\\/www.instagram.com\\\/patternenergycanada\\\/\",\"https:\\\/\\\/web.cauze.com\\\/company\\\/293\"]}]}<\/script>\n<!-- \/ Yoast SEO plugin. -->","yoast_head_json":{"title":"Politique de confidentialit\u00e9 - Pattern Energy - Canada","description":"Pattern Energy s'engage \u00e0 fournir et reconna\u00eet le besoin de protection des donn\u00e9es et de la vie priv\u00e9e sur Internet.","robots":{"index":"index","follow":"follow","max-snippet":"max-snippet:-1","max-image-preview":"max-image-preview:large","max-video-preview":"max-video-preview:-1"},"canonical":"https:\/\/patterncanada.ca\/fr\/privacy-policy\/","og_locale":"fr_FR","og_type":"article","og_title":"Politique de confidentialit\u00e9","og_description":"Pattern Energy s'engage \u00e0 fournir et reconna\u00eet le besoin de protection des donn\u00e9es et de la vie priv\u00e9e sur Internet.","og_url":"https:\/\/patterncanada.ca\/fr\/privacy-policy\/","og_site_name":"Pattern Energy - Canada","article_publisher":"https:\/\/www.facebook.com\/PatternCanada","article_modified_time":"2025-09-05T15:30:04+00:00","og_image":[{"width":1200,"height":628,"url":"https:\/\/patterncanada.ca\/wp-content\/uploads\/2025\/08\/Frame-2.jpg","type":"image\/jpeg"}],"twitter_card":"summary_large_image","twitter_title":"Politique de confidentialit\u00e9","twitter_description":"Pattern Energy s'engage \u00e0 fournir et reconna\u00eet le besoin de protection des donn\u00e9es et de la vie priv\u00e9e sur Internet.","twitter_image":"https:\/\/patterncanada.ca\/wp-content\/uploads\/2025\/08\/Frame-2.jpg","twitter_misc":{"Est. reading time":"2 minutes"},"schema":{"@context":"https:\/\/schema.org","@graph":[{"@type":"WebPage","@id":"https:\/\/patterncanada.ca\/fr\/privacy-policy\/","url":"https:\/\/patterncanada.ca\/fr\/privacy-policy\/","name":"Politique de confidentialit\u00e9 - Pattern Energy - Canada","isPartOf":{"@id":"https:\/\/patterncanada.ca\/fr\/#website"},"primaryImageOfPage":{"@id":"https:\/\/patterncanada.ca\/fr\/privacy-policy\/#primaryimage"},"image":{"@id":"https:\/\/patterncanada.ca\/fr\/privacy-policy\/#primaryimage"},"thumbnailUrl":"https:\/\/patterncanada.ca\/wp-content\/uploads\/2025\/08\/Frame-2.jpg","datePublished":"2025-08-20T13:18:52+00:00","dateModified":"2025-09-05T15:30:04+00:00","description":"Pattern Energy s'engage \u00e0 fournir et reconna\u00eet le besoin de protection des donn\u00e9es et de la vie priv\u00e9e sur Internet.","breadcrumb":{"@id":"https:\/\/patterncanada.ca\/fr\/privacy-policy\/#breadcrumb"},"inLanguage":"fr-FR","potentialAction":[{"@type":"ReadAction","target":["https:\/\/patterncanada.ca\/fr\/privacy-policy\/"]}]},{"@type":"ImageObject","inLanguage":"fr-FR","@id":"https:\/\/patterncanada.ca\/fr\/privacy-policy\/#primaryimage","url":"https:\/\/patterncanada.ca\/wp-content\/uploads\/2025\/08\/Frame-2.jpg","contentUrl":"https:\/\/patterncanada.ca\/wp-content\/uploads\/2025\/08\/Frame-2.jpg","width":1200,"height":628,"caption":"Pattern Canada logo"},{"@type":"BreadcrumbList","@id":"https:\/\/patterncanada.ca\/fr\/privacy-policy\/#breadcrumb","itemListElement":[{"@type":"ListItem","position":1,"name":"Home","item":"https:\/\/patterncanada.ca\/fr\/"},{"@type":"ListItem","position":2,"name":"Politique de confidentialit\u00e9"}]},{"@type":"WebSite","@id":"https:\/\/patterncanada.ca\/fr\/#website","url":"https:\/\/patterncanada.ca\/fr\/","name":"Pattern Energy - Canada","description":"Canadian Commitment. Global Company.","publisher":{"@id":"https:\/\/patterncanada.ca\/fr\/#organization"},"potentialAction":[{"@type":"SearchAction","target":{"@type":"EntryPoint","urlTemplate":"https:\/\/patterncanada.ca\/fr\/?s={search_term_string}"},"query-input":{"@type":"PropertyValueSpecification","valueRequired":true,"valueName":"search_term_string"}}],"inLanguage":"fr-FR"},{"@type":"Organization","@id":"https:\/\/patterncanada.ca\/fr\/#organization","name":"Pattern Energy - Canada","url":"https:\/\/patterncanada.ca\/fr\/","logo":{"@type":"ImageObject","inLanguage":"fr-FR","@id":"https:\/\/patterncanada.ca\/fr\/#\/schema\/logo\/image\/","url":"https:\/\/patterncanada.ca\/wp-content\/uploads\/2025\/09\/share-ca.jpg","contentUrl":"https:\/\/patterncanada.ca\/wp-content\/uploads\/2025\/09\/share-ca.jpg","width":1200,"height":628,"caption":"Pattern Energy - Canada"},"image":{"@id":"https:\/\/patterncanada.ca\/fr\/#\/schema\/logo\/image\/"},"sameAs":["https:\/\/www.facebook.com\/PatternCanada","https:\/\/www.instagram.com\/patternenergycanada\/","https:\/\/web.cauze.com\/company\/293"]}]}},"_links":{"self":[{"href":"https:\/\/patterncanada.ca\/fr\/wp-json\/wp\/v2\/pages\/14268","targetHints":{"allow":["GET"]}}],"collection":[{"href":"https:\/\/patterncanada.ca\/fr\/wp-json\/wp\/v2\/pages"}],"about":[{"href":"https:\/\/patterncanada.ca\/fr\/wp-json\/wp\/v2\/types\/page"}],"author":[{"embeddable":true,"href":"https:\/\/patterncanada.ca\/fr\/wp-json\/wp\/v2\/users\/39"}],"replies":[{"embeddable":true,"href":"https:\/\/patterncanada.ca\/fr\/wp-json\/wp\/v2\/comments?post=14268"}],"version-history":[{"count":0,"href":"https:\/\/patterncanada.ca\/fr\/wp-json\/wp\/v2\/pages\/14268\/revisions"}],"wp:featuredmedia":[{"embeddable":true,"href":"https:\/\/patterncanada.ca\/fr\/wp-json\/wp\/v2\/media\/14152"}],"wp:attachment":[{"href":"https:\/\/patterncanada.ca\/fr\/wp-json\/wp\/v2\/media?parent=14268"}],"curies":[{"name":"wp","href":"https:\/\/api.w.org\/{rel}","templated":true}]}}